{"id":8,"date":"2007-05-09T13:12:28","date_gmt":"2007-05-09T16:12:28","guid":{"rendered":"http:\/\/www.boaglio.com\/index.php\/como-instalar-o-jdk-no-linux\/"},"modified":"2009-08-07T21:22:55","modified_gmt":"2009-08-08T00:22:55","slug":"como-instalar-o-jdk-no-linux","status":"publish","type":"page","link":"https:\/\/boaglio.com\/index.php\/tutoriais\/como-instalar-o-jdk-no-linux\/","title":{"rendered":"Como instalar o JDK no Linux"},"content":{"rendered":"<p><strong>Publicado em 23\/07\/2003<\/strong><\/p>\n<p>O JDK (Java Development Kit) \u00e9 o kit de desenvolvimento Java, aquele<br \/>\nutilizado para criar os programas e n\u00e3o somente execut\u00e1-los.<br \/>\nSe a sua necessidade for somente a execu\u00e7\u00e3o e n\u00e3o a cria\u00e7\u00e3o de programas<br \/>\nem Java, procure por JRE (Java Run-time Environment).<\/p>\n<p>Para baixar o JDK para Linux acesse o site da Sun:<\/p>\n<p><a href=\"http:\/\/java.sun.com\" target=\"_BLANK\">http:\/\/java.sun.com<\/a><\/p>\n<p><!--adsense#bannertextoinicio--><\/p>\n<p>Como esse site \u00e9 repleto de links, para os iniciantes fica<br \/>\num pouco confuso encontrar rapidamente o link para donwload.<br \/>\nSiga os 7 passos abaixo:<\/p>\n<p>1.Procure por J2SE (Java 2 Standard Edition):<\/p>\n<p><center><br \/>\n<a href=\"\/img\/jdk-linux1.png\"><img decoding=\"async\" src=\"\/img\/jdk-linux1.png\" heigth=\"280\" width=\"560\" \/><\/a><br \/>\n<\/center>2.Procure por J2SE Downloads: <center><br \/>\n<a href=\"\/img\/jdk-linux2.png\"><img decoding=\"async\" src=\"\/img\/jdk-linux2.png\" heigth=\"280\" width=\"560\" \/><\/a><br \/>\n<\/center>3.Procure a vers\u00e3o mais recente: <center><br \/>\n<a href=\"\/img\/jdk-linux3.png\"><img decoding=\"async\" src=\"\/img\/jdk-linux3.png\" heigth=\"280\" width=\"560\" \/><\/a><br \/>\n<\/center>4.Clique no &#8220;Linux self-extracting file&#8221; da coluna SDK: <center><br \/>\n<a href=\"\/img\/jdk-linux4.png\"><img decoding=\"async\" src=\"\/img\/jdk-linux4.png\" heigth=\"280\" width=\"560\" \/><\/a><br \/>\n<\/center>5.Responda a pesquisa se quiser ou clique diretamente em &#8220;download&#8221; <center><br \/>\n<a href=\"\/img\/jdk-linux5.png\"><img decoding=\"async\" src=\"\/img\/jdk-linux5.png\" heigth=\"280\" width=\"560\" \/><\/a><br \/>\n<\/center>6.Clique em &#8220;ACCEPT&#8221; para concordar com os termos e condi\u00e7\u00f5es de uso: <center><br \/>\n<a href=\"\/img\/jdk-linux6.png\"><img decoding=\"async\" src=\"\/img\/jdk-linux6.png\" heigth=\"280\" width=\"560\" \/><\/a><br \/>\n<\/center>7.Clique no link de download para finalmente baixar o arquivo. <center><br \/>\n<a href=\"\/img\/jdk-linux7.png\"><img decoding=\"async\" src=\"\/img\/jdk-linux7.png\" heigth=\"280\" width=\"560\" \/><\/a><br \/>\n<\/center><br \/>\nDepois de baixado o arquivo, sugiro a seguinte estrutura de uso:<\/p>\n<table border=\"1\" cellpadding=\"2\" cellspacing=\"2\"><\/table>\n<p><span style=\"font-family: monospace\"><\/span><\/p>\n<pre>\r\n\u00a0        Diret\u00f3rio base: \/java\r\n\r\nDiret\u00f3rio de instala\u00e7\u00e3o: \/java\/j2sdk1.4.2\r\n\r\n\u00a0         Diret\u00f3rio JDK: \/java\/j2se (link simb\u00f3lico para o JDK atual)\r\n\r\n\u00a0                         (\/java\/j2se -&gt; \/java\/j2sdk1.4.2)\r\n\r\n\u00a0          Suas Classes: \/java\/MinhasClasses\/<\/pre>\n<p>Adicione as Vari\u00e1veis abaixo ao seu ambiente editando o arquivo <strong>\/etc\/profile<\/strong>:<\/p>\n<table border=\"1\" cellpadding=\"2\" cellspacing=\"2\"><\/table>\n<pre>\r\nexport JAVA_HOME=\/java\/j2se\r\n\r\nexport CLASSPATH=$JAVA_HOME\/lib:.:\/java\/MinhasClasses\/\r\n\r\nexport PATH=$PATH:$JAVA_HOME\/bin<\/pre>\n<p>Para essas vari\u00e1veis de ambiente funcionarem voc\u00ea precisar\u00e1 fazer um<br \/>\nlogout e, dependendo da distribui\u00e7\u00e3o linux que usar, reiniciar a m\u00e1quina.<br \/>\nDepois de logado, fa\u00e7a o teste abaixo:<\/p>\n<table border=\"1\" cellpadding=\"2\" cellspacing=\"2\"><\/table>\n<pre>\r\nroot@cascao:$ env | grep JAVA\r\n\r\nJAVA_HOME=\/java\/j2se\r\n\r\nroot@cascao:$<\/pre>\n<p>Um artigo publicado no <a href=\"http:\/\/www.guj.com.br\/servlet\/guj?PARSE=true&amp;MAMUTE_ACTION=br.com.guj.action.ListArticle&amp;MAMUTE_TEMPLATE=ShowArticle&amp;LIST_ARTICLE=single&amp;ArticleId=8&amp;PAGE=1\" target=\"_BLANK\">GUJ<\/a> explica o funcionamento do CLASSPATH com mais detalhes.<\/p>\n<p><!--adsense#bannertextomeio--><\/p>\n<p>Abaixo uma demostra\u00e7\u00e3o resumida da instala\u00e7\u00e3o do arquivo baixado:<\/p>\n<table border=\"1\" cellpadding=\"2\" cellspacing=\"2\"><\/table>\n<p><span style=\"font-family: monospace\"><\/span><\/p>\n<pre>\r\nroot@cascao:\/download$ sh j2sdk-1_4_2-linux-i586.bin\r\n\r\n\u00a0          Sun Microsystems, Inc.\r\n\r\n\u00a0       Binary Code License Agreement                for the\r\n\r\nJAVATM 2 SOFTWARE DEVELOPMENT KIT (J2SDK), STANDARD EDITION,\r\n\r\n\u00a0               VERSION 1.4.2_X\r\n\r\n...\r\n\r\nFor inquiries please contact: Sun Microsystems, Inc., 4150\r\n\r\nNetwork Circle, Santa Clara, California 95054, U.S.A.\r\n\r\n(LFI#129530\/Form ID#011801)\r\n\r\nDo you agree to the above license terms? [yes or no]\r\n\r\nyes\r\n\r\nUnpacking...\r\n\r\nChecksumming...\r\n\r\ninflating: j2sdk1.4.2\/demo\/applets\/Animator\/Animation.class\r\n\r\ninflating: j2sdk1.4.2\/demo\/applets\/Animator\/ParseException.class\r\n\r\ninflating: j2sdk1.4.2\/demo\/applets\/Animator\/AnimationFrame.class\r\n\r\n...\r\n\r\nCreating j2sdk1.4.2\/lib\/tools.jar\r\n\r\nCreating j2sdk1.4.2\/jre\/lib\/rt.jar\r\n\r\nCreating j2sdk1.4.2\/jre\/lib\/jsse.jar\r\n\r\nCreating j2sdk1.4.2\/jre\/lib\/charsets.jar\r\n\r\nCreating j2sdk1.4.2\/jre\/lib\/ext\/localedata.jar\r\n\r\nCreating j2sdk1.4.2\/jre\/lib\/plugin.jar\r\n\r\nCreating j2sdk1.4.2\/jre\/javaws\/javaws.jar\r\n\r\nDone.\r\n\r\nroot@cascao:\/download$ mv j2sdk1.4.2 \/java\r\n\r\nroot@cascao:\/download$ cd \/java\r\n\r\nroot@cascao:\/java$ ln -s j2sdk1.4.2 j2se\r\n\r\nroot@cascao:\/java$ java -version\r\n\r\njava version \"1.4.2\"\r\n\r\nJava(TM) 2 Runtime Environment, Standard Edition (build 1.4.2-b28)\r\n\r\nJava HotSpot(TM) Client VM (build 1.4.2-b28, mixed mode)<\/pre>\n<p>Essa estrutura facilita a atualiza\u00e7\u00e3o do JDK <strong>sem<\/strong> a necessidade de<br \/>\nalterar as vari\u00e1veis de ambiente.Se existir uma atualiza\u00e7\u00e3o, basta<br \/>\nvoc\u00ea baixar e atualizar o link simb\u00f3lico:<\/p>\n<table border=\"1\" cellpadding=\"2\" cellspacing=\"2\"><\/table>\n<pre>\r\nroot@cascao:\/download$ sh j2sdk-1_5-linux-i586.bin\r\n\r\nroot@cascao:\/download$ mv j2sdk1.5 \/java\r\n\r\nroot@cascao:\/download$ cd \/java\r\n\r\nroot@cascao:\/java$ rm j2se\r\n\r\nroot@cascao:\/java$ ln -s j2sdk1.5 j2se<\/pre>\n<p>Fa\u00e7amos agora um teste compilando um programa bem simples.<br \/>\nCrie no diret\u00f3rio \/java\/MinhasClasses o arquivo <strong>Teste.java<\/strong><br \/>\ncom o seguinte conte\u00fado:<\/p>\n<table border=\"1\" cellpadding=\"2\" cellspacing=\"2\"><\/table>\n<pre>\r\npublic class Teste {\r\n\r\n\u00a0public static void main(String[] args) {\r\n\r\n\u00a0 System.out.println(\"Teste do JDK\");\r\n\r\n\u00a0}\r\n\r\n}<\/pre>\n<p>Para compilar digite o comando:<\/p>\n<table border=\"1\" cellpadding=\"2\" cellspacing=\"2\"><\/table>\n<pre>\r\nroot@cascao:\/java\/MinhasClasses$ javac Teste.java\r\n\r\nroot@cascao:\/java\/MinhasClasses$<\/pre>\n<p>Para executar digite o comando:<\/p>\n<table border=\"1\" cellpadding=\"2\" cellspacing=\"2\"><\/table>\n<p><span style=\"font-family: monospace\"><\/span><\/p>\n<pre>\r\nroot@cascao:\/java\/MinhasClasses$ java Teste\r\n\r\nTeste do JDK\r\n\r\nroot@cascao:\/java\/MinhasClasses$<\/pre>\n<p>Se voc\u00ea visualizou conforme o exemplo acima parab\u00e9ns, o seu ambiente<br \/>\nest\u00e1 OK!<br \/>\nAproveitando que o seu ambiente est\u00e1 configurado, adicione o suporte JAVA<br \/>\nao seu browser Mozilla com os seguintes comandos abaixo:<\/p>\n<table border=\"1\" cellpadding=\"2\" cellspacing=\"2\"><\/table>\n<p><span style=\"font-family: monospace\"><\/span><\/p>\n<pre>\r\nroot@cascao:~$ cd \/usr\/local\/mozilla\/plugins\/\r\n\r\nroot@cascao:\/usr\/local\/mozilla\/plugins$ ln -s \/java\/j2se\/jre\/plugin\/i386\/ns610-gcc32\/libjavaplugin_oji.so\r\n\r\nroot@cascao:\/usr\/local\/mozilla\/plugins$<\/pre>\n<p><a href=\"http:\/\/java.sun.com\">http:\/\/java.sun.com<\/a><br \/>\n<a href=\"http:\/\/www.guj.com.br\"> http:\/\/www.guj.com.br<\/a><\/p>\n","protected":false},"excerpt":{"rendered":"<p>Publicado em 23\/07\/2003 O JDK (Java Development Kit) \u00e9 o kit de desenvolvimento Java, aquele utilizado para criar os programas e n\u00e3o somente execut\u00e1-los. Se a sua necessidade for somente a execu\u00e7\u00e3o e n\u00e3o a cria\u00e7\u00e3o de programas em Java, procure por JRE (Java Run-time Environment). Para baixar o JDK para Linux acesse o site [&hellip;]<\/p>\n","protected":false},"author":1,"featured_media":0,"parent":284,"menu_order":0,"comment_status":"open","ping_status":"open","template":"","meta":{"footnotes":""},"class_list":["post-8","page","type-page","status-publish","hentry"],"yoast_head":"<!-- This site is optimized with the Yoast SEO plugin v27.4 - https:\/\/yoast.com\/product\/yoast-seo-wordpress\/ -->\n<title>Como instalar o JDK no Linux - Boaglio.com<\/title>\n<meta name=\"robots\" content=\"index, follow, max-snippet:-1, max-image-preview:large, max-video-preview:-1\" \/>\n<link rel=\"canonical\" href=\"https:\/\/boaglio.com\/index.php\/tutoriais\/como-instalar-o-jdk-no-linux\/\" \/>\n<meta property=\"og:locale\" content=\"pt_BR\" \/>\n<meta property=\"og:type\" content=\"article\" \/>\n<meta property=\"og:title\" content=\"Como instalar o JDK no Linux - Boaglio.com\" \/>\n<meta property=\"og:description\" content=\"Publicado em 23\/07\/2003 O JDK (Java Development Kit) \u00e9 o kit de desenvolvimento Java, aquele utilizado para criar os programas e n\u00e3o somente execut\u00e1-los. Se a sua necessidade for somente a execu\u00e7\u00e3o e n\u00e3o a cria\u00e7\u00e3o de programas em Java, procure por JRE (Java Run-time Environment). Para baixar o JDK para Linux acesse o site [&hellip;]\" \/>\n<meta property=\"og:url\" content=\"https:\/\/boaglio.com\/index.php\/tutoriais\/como-instalar-o-jdk-no-linux\/\" \/>\n<meta property=\"og:site_name\" content=\"Boaglio.com\" \/>\n<meta property=\"article:modified_time\" content=\"2009-08-08T00:22:55+00:00\" \/>\n<meta property=\"og:image\" content=\"https:\/\/boaglio.com\/img\/jdk-linux1.png\" \/>\n<meta name=\"twitter:label1\" content=\"Est. tempo de leitura\" \/>\n\t<meta name=\"twitter:data1\" content=\"3 minutos\" \/>\n<script type=\"application\/ld+json\" class=\"yoast-schema-graph\">{\"@context\":\"https:\\\/\\\/schema.org\",\"@graph\":[{\"@type\":\"WebPage\",\"@id\":\"https:\\\/\\\/boaglio.com\\\/index.php\\\/tutoriais\\\/como-instalar-o-jdk-no-linux\\\/\",\"url\":\"https:\\\/\\\/boaglio.com\\\/index.php\\\/tutoriais\\\/como-instalar-o-jdk-no-linux\\\/\",\"name\":\"Como instalar o JDK no Linux - Boaglio.com\",\"isPartOf\":{\"@id\":\"https:\\\/\\\/boaglio.com\\\/#website\"},\"datePublished\":\"2007-05-09T16:12:28+00:00\",\"dateModified\":\"2009-08-08T00:22:55+00:00\",\"breadcrumb\":{\"@id\":\"https:\\\/\\\/boaglio.com\\\/index.php\\\/tutoriais\\\/como-instalar-o-jdk-no-linux\\\/#breadcrumb\"},\"inLanguage\":\"pt-BR\",\"potentialAction\":[{\"@type\":\"ReadAction\",\"target\":[\"https:\\\/\\\/boaglio.com\\\/index.php\\\/tutoriais\\\/como-instalar-o-jdk-no-linux\\\/\"]}]},{\"@type\":\"BreadcrumbList\",\"@id\":\"https:\\\/\\\/boaglio.com\\\/index.php\\\/tutoriais\\\/como-instalar-o-jdk-no-linux\\\/#breadcrumb\",\"itemListElement\":[{\"@type\":\"ListItem\",\"position\":1,\"name\":\"In\u00edcio\",\"item\":\"https:\\\/\\\/boaglio.com\\\/\"},{\"@type\":\"ListItem\",\"position\":2,\"name\":\"Tutoriais\",\"item\":\"https:\\\/\\\/boaglio.com\\\/index.php\\\/tutoriais\\\/\"},{\"@type\":\"ListItem\",\"position\":3,\"name\":\"Como instalar o JDK no Linux\"}]},{\"@type\":\"WebSite\",\"@id\":\"https:\\\/\\\/boaglio.com\\\/#website\",\"url\":\"https:\\\/\\\/boaglio.com\\\/\",\"name\":\"Boaglio.com\",\"description\":\"tecnologia e cr\u00edticas construtivas\",\"potentialAction\":[{\"@type\":\"SearchAction\",\"target\":{\"@type\":\"EntryPoint\",\"urlTemplate\":\"https:\\\/\\\/boaglio.com\\\/?s={search_term_string}\"},\"query-input\":{\"@type\":\"PropertyValueSpecification\",\"valueRequired\":true,\"valueName\":\"search_term_string\"}}],\"inLanguage\":\"pt-BR\"}]}<\/script>\n<!-- \/ Yoast SEO plugin. -->","yoast_head_json":{"title":"Como instalar o JDK no Linux - Boaglio.com","robots":{"index":"index","follow":"follow","max-snippet":"max-snippet:-1","max-image-preview":"max-image-preview:large","max-video-preview":"max-video-preview:-1"},"canonical":"https:\/\/boaglio.com\/index.php\/tutoriais\/como-instalar-o-jdk-no-linux\/","og_locale":"pt_BR","og_type":"article","og_title":"Como instalar o JDK no Linux - Boaglio.com","og_description":"Publicado em 23\/07\/2003 O JDK (Java Development Kit) \u00e9 o kit de desenvolvimento Java, aquele utilizado para criar os programas e n\u00e3o somente execut\u00e1-los. Se a sua necessidade for somente a execu\u00e7\u00e3o e n\u00e3o a cria\u00e7\u00e3o de programas em Java, procure por JRE (Java Run-time Environment). Para baixar o JDK para Linux acesse o site [&hellip;]","og_url":"https:\/\/boaglio.com\/index.php\/tutoriais\/como-instalar-o-jdk-no-linux\/","og_site_name":"Boaglio.com","article_modified_time":"2009-08-08T00:22:55+00:00","og_image":[{"url":"https:\/\/boaglio.com\/img\/jdk-linux1.png","type":"","width":"","height":""}],"twitter_misc":{"Est. tempo de leitura":"3 minutos"},"schema":{"@context":"https:\/\/schema.org","@graph":[{"@type":"WebPage","@id":"https:\/\/boaglio.com\/index.php\/tutoriais\/como-instalar-o-jdk-no-linux\/","url":"https:\/\/boaglio.com\/index.php\/tutoriais\/como-instalar-o-jdk-no-linux\/","name":"Como instalar o JDK no Linux - Boaglio.com","isPartOf":{"@id":"https:\/\/boaglio.com\/#website"},"datePublished":"2007-05-09T16:12:28+00:00","dateModified":"2009-08-08T00:22:55+00:00","breadcrumb":{"@id":"https:\/\/boaglio.com\/index.php\/tutoriais\/como-instalar-o-jdk-no-linux\/#breadcrumb"},"inLanguage":"pt-BR","potentialAction":[{"@type":"ReadAction","target":["https:\/\/boaglio.com\/index.php\/tutoriais\/como-instalar-o-jdk-no-linux\/"]}]},{"@type":"BreadcrumbList","@id":"https:\/\/boaglio.com\/index.php\/tutoriais\/como-instalar-o-jdk-no-linux\/#breadcrumb","itemListElement":[{"@type":"ListItem","position":1,"name":"In\u00edcio","item":"https:\/\/boaglio.com\/"},{"@type":"ListItem","position":2,"name":"Tutoriais","item":"https:\/\/boaglio.com\/index.php\/tutoriais\/"},{"@type":"ListItem","position":3,"name":"Como instalar o JDK no Linux"}]},{"@type":"WebSite","@id":"https:\/\/boaglio.com\/#website","url":"https:\/\/boaglio.com\/","name":"Boaglio.com","description":"tecnologia e cr\u00edticas construtivas","potentialAction":[{"@type":"SearchAction","target":{"@type":"EntryPoint","urlTemplate":"https:\/\/boaglio.com\/?s={search_term_string}"},"query-input":{"@type":"PropertyValueSpecification","valueRequired":true,"valueName":"search_term_string"}}],"inLanguage":"pt-BR"}]}},"_links":{"self":[{"href":"https:\/\/boaglio.com\/index.php\/wp-json\/wp\/v2\/pages\/8","targetHints":{"allow":["GET"]}}],"collection":[{"href":"https:\/\/boaglio.com\/index.php\/wp-json\/wp\/v2\/pages"}],"about":[{"href":"https:\/\/boaglio.com\/index.php\/wp-json\/wp\/v2\/types\/page"}],"author":[{"embeddable":true,"href":"https:\/\/boaglio.com\/index.php\/wp-json\/wp\/v2\/users\/1"}],"replies":[{"embeddable":true,"href":"https:\/\/boaglio.com\/index.php\/wp-json\/wp\/v2\/comments?post=8"}],"version-history":[{"count":1,"href":"https:\/\/boaglio.com\/index.php\/wp-json\/wp\/v2\/pages\/8\/revisions"}],"predecessor-version":[{"id":286,"href":"https:\/\/boaglio.com\/index.php\/wp-json\/wp\/v2\/pages\/8\/revisions\/286"}],"up":[{"embeddable":true,"href":"https:\/\/boaglio.com\/index.php\/wp-json\/wp\/v2\/pages\/284"}],"wp:attachment":[{"href":"https:\/\/boaglio.com\/index.php\/wp-json\/wp\/v2\/media?parent=8"}],"curies":[{"name":"wp","href":"https:\/\/api.w.org\/{rel}","templated":true}]}}