{"id":1681,"date":"2017-07-02T14:51:38","date_gmt":"2017-07-02T17:51:38","guid":{"rendered":"http:\/\/www.boaglio.com\/?page_id=1681"},"modified":"2025-06-12T16:22:44","modified_gmt":"2025-06-12T19:22:44","slug":"contato","status":"publish","type":"page","link":"https:\/\/boaglio.com\/index.php\/resume-curriculo\/contato\/","title":{"rendered":"Contato"},"content":{"rendered":"<p><img loading=\"lazy\" decoding=\"async\" class=\"aligncenter size-full wp-image-1682\" src=\"http:\/\/www.boaglio.com\/wp-content\/uploads\/2017\/07\/contact_me.png\" alt=\"\" width=\"188\" height=\"188\" srcset=\"https:\/\/boaglio.com\/wp-content\/uploads\/2017\/07\/contact_me.png 940w, https:\/\/boaglio.com\/wp-content\/uploads\/2017\/07\/contact_me-150x150.png 150w, https:\/\/boaglio.com\/wp-content\/uploads\/2017\/07\/contact_me-300x300.png 300w, https:\/\/boaglio.com\/wp-content\/uploads\/2017\/07\/contact_me-768x768.png 768w\" sizes=\"auto, (max-width: 188px) 100vw, 188px\" \/><\/p>\n<p><img decoding=\"async\" class=\"aligncenter size-full wp-image-1689\" src=\"http:\/\/www.boaglio.com\/wp-content\/uploads\/2017\/07\/brazil-flag.jpg\" alt=\"\" width=\"106\" srcset=\"https:\/\/boaglio.com\/wp-content\/uploads\/2017\/07\/brazil-flag.jpg 319w, https:\/\/boaglio.com\/wp-content\/uploads\/2017\/07\/brazil-flag-300x206.jpg 300w\" sizes=\"(max-width: 319px) 100vw, 319px\" \/><br \/>Quer falar comigo ?<\/p>\n<p>Eu respondo \u00e0 todas mensagens, mas <em>n\u00e3o tenha pressa<\/em>.<\/p>\n<p>N\u00e3o fique bravo se mandar procurar em um f\u00f3rum, se voc\u00ea quer uma consultoria de gra\u00e7a, l\u00e1 \u00e9 o lugar adequado.<\/p>\n<p><strong>E seja educado, educa\u00e7\u00e3o nunca \u00e9 demais.<\/strong><\/p>\n<p><img decoding=\"async\" class=\"aligncenter size-full wp-image-1690\" src=\"http:\/\/www.boaglio.com\/wp-content\/uploads\/2017\/07\/american-flag.png\" alt=\"\" width=\"106\" srcset=\"https:\/\/boaglio.com\/wp-content\/uploads\/2017\/07\/american-flag.png 319w, https:\/\/boaglio.com\/wp-content\/uploads\/2017\/07\/american-flag-300x158.png 300w\" sizes=\"(max-width: 319px) 100vw, 319px\" \/><\/p>\n<p>Do you want to talk to me ?<\/p>\n<p>Usually I reply all messages, <em>please wait<\/em>.<\/p>\n<p>Don&#8217;t be mad if I ask you to lookup up on a online forum, if you want free consulting, you should ask over there.<\/p>\n<p><strong>And be polite, education is never enough.<\/strong><\/p>\n<h2>LinkedIn<\/h2>\n<h4><a href=\"https:\/\/www.linkedin.com\/in\/boaglio\/\">https:\/\/www.linkedin.com\/in\/boaglio\/<\/a><\/h4>\n\n\n<p><\/p>\n","protected":false},"excerpt":{"rendered":"<p>Quer falar comigo ? Eu respondo \u00e0 todas mensagens, mas n\u00e3o tenha pressa. N\u00e3o fique bravo se mandar procurar em um f\u00f3rum, se voc\u00ea quer uma consultoria de gra\u00e7a, l\u00e1 \u00e9 o lugar adequado. E seja educado, educa\u00e7\u00e3o nunca \u00e9 demais. Do you want to talk to me ? Usually I reply all messages, please [&hellip;]<\/p>\n","protected":false},"author":1,"featured_media":0,"parent":21,"menu_order":0,"comment_status":"closed","ping_status":"closed","template":"","meta":{"footnotes":""},"class_list":["post-1681","page","type-page","status-publish","hentry"],"yoast_head":"<!-- This site is optimized with the Yoast SEO plugin v27.4 - https:\/\/yoast.com\/product\/yoast-seo-wordpress\/ -->\n<title>Contato - Boaglio.com<\/title>\n<meta name=\"robots\" content=\"index, follow, max-snippet:-1, max-image-preview:large, max-video-preview:-1\" \/>\n<link rel=\"canonical\" href=\"https:\/\/boaglio.com\/index.php\/resume-curriculo\/contato\/\" \/>\n<meta property=\"og:locale\" content=\"pt_BR\" \/>\n<meta property=\"og:type\" content=\"article\" \/>\n<meta property=\"og:title\" content=\"Contato - Boaglio.com\" \/>\n<meta property=\"og:description\" content=\"Quer falar comigo ? Eu respondo \u00e0 todas mensagens, mas n\u00e3o tenha pressa. N\u00e3o fique bravo se mandar procurar em um f\u00f3rum, se voc\u00ea quer uma consultoria de gra\u00e7a, l\u00e1 \u00e9 o lugar adequado. E seja educado, educa\u00e7\u00e3o nunca \u00e9 demais. Do you want to talk to me ? Usually I reply all messages, please [&hellip;]\" \/>\n<meta property=\"og:url\" content=\"https:\/\/boaglio.com\/index.php\/resume-curriculo\/contato\/\" \/>\n<meta property=\"og:site_name\" content=\"Boaglio.com\" \/>\n<meta property=\"article:modified_time\" content=\"2025-06-12T19:22:44+00:00\" \/>\n<meta property=\"og:image\" content=\"https:\/\/boaglio.com\/wp-content\/uploads\/2017\/07\/contact_me.png\" \/>\n\t<meta property=\"og:image:width\" content=\"940\" \/>\n\t<meta property=\"og:image:height\" content=\"940\" \/>\n\t<meta property=\"og:image:type\" content=\"image\/png\" \/>\n<meta name=\"twitter:label1\" content=\"Est. tempo de leitura\" \/>\n\t<meta name=\"twitter:data1\" content=\"2 minutos\" \/>\n<script type=\"application\/ld+json\" class=\"yoast-schema-graph\">{\"@context\":\"https:\\\/\\\/schema.org\",\"@graph\":[{\"@type\":\"WebPage\",\"@id\":\"https:\\\/\\\/boaglio.com\\\/index.php\\\/resume-curriculo\\\/contato\\\/\",\"url\":\"https:\\\/\\\/boaglio.com\\\/index.php\\\/resume-curriculo\\\/contato\\\/\",\"name\":\"Contato - Boaglio.com\",\"isPartOf\":{\"@id\":\"https:\\\/\\\/boaglio.com\\\/#website\"},\"primaryImageOfPage\":{\"@id\":\"https:\\\/\\\/boaglio.com\\\/index.php\\\/resume-curriculo\\\/contato\\\/#primaryimage\"},\"image\":{\"@id\":\"https:\\\/\\\/boaglio.com\\\/index.php\\\/resume-curriculo\\\/contato\\\/#primaryimage\"},\"thumbnailUrl\":\"http:\\\/\\\/www.boaglio.com\\\/wp-content\\\/uploads\\\/2017\\\/07\\\/contact_me.png\",\"datePublished\":\"2017-07-02T17:51:38+00:00\",\"dateModified\":\"2025-06-12T19:22:44+00:00\",\"breadcrumb\":{\"@id\":\"https:\\\/\\\/boaglio.com\\\/index.php\\\/resume-curriculo\\\/contato\\\/#breadcrumb\"},\"inLanguage\":\"pt-BR\",\"potentialAction\":[{\"@type\":\"ReadAction\",\"target\":[\"https:\\\/\\\/boaglio.com\\\/index.php\\\/resume-curriculo\\\/contato\\\/\"]}]},{\"@type\":\"ImageObject\",\"inLanguage\":\"pt-BR\",\"@id\":\"https:\\\/\\\/boaglio.com\\\/index.php\\\/resume-curriculo\\\/contato\\\/#primaryimage\",\"url\":\"http:\\\/\\\/www.boaglio.com\\\/wp-content\\\/uploads\\\/2017\\\/07\\\/contact_me.png\",\"contentUrl\":\"http:\\\/\\\/www.boaglio.com\\\/wp-content\\\/uploads\\\/2017\\\/07\\\/contact_me.png\"},{\"@type\":\"BreadcrumbList\",\"@id\":\"https:\\\/\\\/boaglio.com\\\/index.php\\\/resume-curriculo\\\/contato\\\/#breadcrumb\",\"itemListElement\":[{\"@type\":\"ListItem\",\"position\":1,\"name\":\"In\u00edcio\",\"item\":\"https:\\\/\\\/boaglio.com\\\/\"},{\"@type\":\"ListItem\",\"position\":2,\"name\":\"Sobre | About\",\"item\":\"https:\\\/\\\/boaglio.com\\\/index.php\\\/resume-curriculo\\\/\"},{\"@type\":\"ListItem\",\"position\":3,\"name\":\"Contato\"}]},{\"@type\":\"WebSite\",\"@id\":\"https:\\\/\\\/boaglio.com\\\/#website\",\"url\":\"https:\\\/\\\/boaglio.com\\\/\",\"name\":\"Boaglio.com\",\"description\":\"tecnologia e cr\u00edticas construtivas\",\"potentialAction\":[{\"@type\":\"SearchAction\",\"target\":{\"@type\":\"EntryPoint\",\"urlTemplate\":\"https:\\\/\\\/boaglio.com\\\/?s={search_term_string}\"},\"query-input\":{\"@type\":\"PropertyValueSpecification\",\"valueRequired\":true,\"valueName\":\"search_term_string\"}}],\"inLanguage\":\"pt-BR\"}]}<\/script>\n<!-- \/ Yoast SEO plugin. -->","yoast_head_json":{"title":"Contato - Boaglio.com","robots":{"index":"index","follow":"follow","max-snippet":"max-snippet:-1","max-image-preview":"max-image-preview:large","max-video-preview":"max-video-preview:-1"},"canonical":"https:\/\/boaglio.com\/index.php\/resume-curriculo\/contato\/","og_locale":"pt_BR","og_type":"article","og_title":"Contato - Boaglio.com","og_description":"Quer falar comigo ? Eu respondo \u00e0 todas mensagens, mas n\u00e3o tenha pressa. N\u00e3o fique bravo se mandar procurar em um f\u00f3rum, se voc\u00ea quer uma consultoria de gra\u00e7a, l\u00e1 \u00e9 o lugar adequado. E seja educado, educa\u00e7\u00e3o nunca \u00e9 demais. Do you want to talk to me ? Usually I reply all messages, please [&hellip;]","og_url":"https:\/\/boaglio.com\/index.php\/resume-curriculo\/contato\/","og_site_name":"Boaglio.com","article_modified_time":"2025-06-12T19:22:44+00:00","og_image":[{"width":940,"height":940,"url":"https:\/\/boaglio.com\/wp-content\/uploads\/2017\/07\/contact_me.png","type":"image\/png"}],"twitter_misc":{"Est. tempo de leitura":"2 minutos"},"schema":{"@context":"https:\/\/schema.org","@graph":[{"@type":"WebPage","@id":"https:\/\/boaglio.com\/index.php\/resume-curriculo\/contato\/","url":"https:\/\/boaglio.com\/index.php\/resume-curriculo\/contato\/","name":"Contato - Boaglio.com","isPartOf":{"@id":"https:\/\/boaglio.com\/#website"},"primaryImageOfPage":{"@id":"https:\/\/boaglio.com\/index.php\/resume-curriculo\/contato\/#primaryimage"},"image":{"@id":"https:\/\/boaglio.com\/index.php\/resume-curriculo\/contato\/#primaryimage"},"thumbnailUrl":"http:\/\/www.boaglio.com\/wp-content\/uploads\/2017\/07\/contact_me.png","datePublished":"2017-07-02T17:51:38+00:00","dateModified":"2025-06-12T19:22:44+00:00","breadcrumb":{"@id":"https:\/\/boaglio.com\/index.php\/resume-curriculo\/contato\/#breadcrumb"},"inLanguage":"pt-BR","potentialAction":[{"@type":"ReadAction","target":["https:\/\/boaglio.com\/index.php\/resume-curriculo\/contato\/"]}]},{"@type":"ImageObject","inLanguage":"pt-BR","@id":"https:\/\/boaglio.com\/index.php\/resume-curriculo\/contato\/#primaryimage","url":"http:\/\/www.boaglio.com\/wp-content\/uploads\/2017\/07\/contact_me.png","contentUrl":"http:\/\/www.boaglio.com\/wp-content\/uploads\/2017\/07\/contact_me.png"},{"@type":"BreadcrumbList","@id":"https:\/\/boaglio.com\/index.php\/resume-curriculo\/contato\/#breadcrumb","itemListElement":[{"@type":"ListItem","position":1,"name":"In\u00edcio","item":"https:\/\/boaglio.com\/"},{"@type":"ListItem","position":2,"name":"Sobre | About","item":"https:\/\/boaglio.com\/index.php\/resume-curriculo\/"},{"@type":"ListItem","position":3,"name":"Contato"}]},{"@type":"WebSite","@id":"https:\/\/boaglio.com\/#website","url":"https:\/\/boaglio.com\/","name":"Boaglio.com","description":"tecnologia e cr\u00edticas construtivas","potentialAction":[{"@type":"SearchAction","target":{"@type":"EntryPoint","urlTemplate":"https:\/\/boaglio.com\/?s={search_term_string}"},"query-input":{"@type":"PropertyValueSpecification","valueRequired":true,"valueName":"search_term_string"}}],"inLanguage":"pt-BR"}]}},"_links":{"self":[{"href":"https:\/\/boaglio.com\/index.php\/wp-json\/wp\/v2\/pages\/1681","targetHints":{"allow":["GET"]}}],"collection":[{"href":"https:\/\/boaglio.com\/index.php\/wp-json\/wp\/v2\/pages"}],"about":[{"href":"https:\/\/boaglio.com\/index.php\/wp-json\/wp\/v2\/types\/page"}],"author":[{"embeddable":true,"href":"https:\/\/boaglio.com\/index.php\/wp-json\/wp\/v2\/users\/1"}],"replies":[{"embeddable":true,"href":"https:\/\/boaglio.com\/index.php\/wp-json\/wp\/v2\/comments?post=1681"}],"version-history":[{"count":11,"href":"https:\/\/boaglio.com\/index.php\/wp-json\/wp\/v2\/pages\/1681\/revisions"}],"predecessor-version":[{"id":2505,"href":"https:\/\/boaglio.com\/index.php\/wp-json\/wp\/v2\/pages\/1681\/revisions\/2505"}],"up":[{"embeddable":true,"href":"https:\/\/boaglio.com\/index.php\/wp-json\/wp\/v2\/pages\/21"}],"wp:attachment":[{"href":"https:\/\/boaglio.com\/index.php\/wp-json\/wp\/v2\/media?parent=1681"}],"curies":[{"name":"wp","href":"https:\/\/api.w.org\/{rel}","templated":true}]}}