{"id":10,"date":"2007-05-09T13:53:33","date_gmt":"2007-05-09T16:53:33","guid":{"rendered":"http:\/\/www.boaglio.com\/index.php\/instalando-o-eclipse-no-windows\/"},"modified":"2009-08-07T21:23:48","modified_gmt":"2009-08-08T00:23:48","slug":"instalando-o-eclipse-no-windows","status":"publish","type":"page","link":"https:\/\/boaglio.com\/index.php\/tutoriais\/instalando-o-eclipse-no-windows\/","title":{"rendered":"Instalando o Eclipse no Windows"},"content":{"rendered":"<p><strong>Publicado em 29\/07\/2003<\/strong><br \/>\nO Eclipse \u00e9 uma excelente ferramenta de desenvolvimento gratuita feita pela<br \/>\nIBM. Ela \u00e9 largamente utilizada no desenvolvimento de aplica\u00e7\u00f5es em JAVA, mas<br \/>\npode ser usada para desenvolver outras linguagens, como por exemplo PHP.<br \/>\nDas IDEs existentes no mercado \u00e9 uma das mais r\u00e1pidas, pois sua interface gr\u00e1fica<br \/>\nn\u00e3o foi feita usando AWT\/Swing, e sim o <a href=\"http:\/\/www.eclipse.org\/articles\/Article-SWT-Design-1\/SWT-Design-1.html\" target=\"_BLANK\">SWT<\/a>, que \u00e9 uma biblioteca semelhante nativa e port\u00e1vel.<br \/>\nA sua instala\u00e7\u00e3o \u00e9 bem simples, mas o site oferece muitas op\u00e7\u00f5es, estaremos<br \/>\naqui mostrando o caminho das pedras.<br \/>\nPrimeiro acesse o site: http:\/\/www.eclipse.org e procure a op\u00e7\u00e3o <em>Downloads<\/em> :<br \/>\n<center><br \/>\n<a href=\"\/img\/eclipse-win1.jpg\"><img decoding=\"async\" src=\"\/img\/eclipse-win1.jpg\" heigth=\"280\" width=\"560\" \/><\/a><br \/>\n<\/center><\/p>\n<p><!--adsense#bannertextoinicio--><\/p>\n<p>Selecione agora <em>Main Eclipse Download Servers<\/em>:<br \/>\n<center><br \/>\n<a href=\"\/img\/eclipse-win2.jpg\"><img decoding=\"async\" src=\"\/img\/eclipse-win2.jpg\" heigth=\"280\" width=\"560\" \/><\/a><br \/>\n<\/center><br \/>\nSelecione a \u00faltima vers\u00e3o est\u00e1vel (2.1.1):<br \/>\n<center><br \/>\n<a href=\"\/img\/eclipse-win3.jpg\"><img decoding=\"async\" src=\"\/img\/eclipse-win3.jpg\" heigth=\"280\" width=\"560\" \/><\/a><br \/>\n<\/center><br \/>\nA primeira op\u00e7\u00e3o oferecida \u00e9 a SDK, n\u00e3o \u00e9 essa que voc\u00ea deseja, essa vers\u00e3o \u00e9<br \/>\npara os desenvolvedores do pr\u00f3prio Eclipse. A vers\u00e3o que voc\u00ea precisa est\u00e1<br \/>\ndescrita como <em>Platform Runtime Binary<\/em>:<br \/>\n<center><br \/>\n<a href=\"\/img\/eclipse-win4.jpg\"><img decoding=\"async\" src=\"\/img\/eclipse-win4.jpg\" heigth=\"280\" width=\"560\" \/><\/a><br \/>\n<\/center><br \/>\nAguarde o download autom\u00e1tico ou clique em <em>here<\/em> para baixar:<br \/>\n<center><br \/>\n<a href=\"\/img\/eclipse-win5.jpg\"><img decoding=\"async\" src=\"\/img\/eclipse-win5.jpg\" heigth=\"280\" width=\"560\" \/><\/a><br \/>\n<\/center><\/p>\n<p><!--adsense#bannertextomeio--><\/p>\n<p>Depois de baixar tudo descompate-o na raiz: <em>C:\\<\/em><br \/>\n<center><br \/>\n<a href=\"\/img\/eclipse-win6.jpg\"><img decoding=\"async\" src=\"\/img\/eclipse-win6.jpg\" heigth=\"280\" width=\"560\" \/><\/a><br \/>\n<\/center><br \/>\nNo diret\u00f3rio <em>C:\\ECLIPSE<\/em> clique no arquivo <em>eclipse.exe<\/em>:<br \/>\n<center><br \/>\n<a href=\"\/img\/eclipse-win7.jpg\"><img decoding=\"async\" src=\"\/img\/eclipse-win7.jpg\" heigth=\"280\" width=\"560\" \/><\/a><br \/>\n<\/center><br \/>\nAparecer\u00e1 uma janela como essa para finalizar a instala\u00e7\u00e3o:<br \/>\n<center><br \/>\n<a href=\"\/img\/eclipse-win8.jpg\"><img decoding=\"async\" src=\"\/img\/eclipse-win8.jpg\" \/><\/a><br \/>\n<\/center><br \/>\nEssa \u00e9 a tela inicial do Eclipse:<br \/>\n<center><br \/>\n<a href=\"\/img\/eclipse-win9.jpg\"><img decoding=\"async\" src=\"\/img\/eclipse-win9.jpg\" \/><\/a><br \/>\n<\/center><br \/>\nMuito bem, voc\u00ea j\u00e1 tem o Eclipse instalado , aguarde o nosso tutorial para<br \/>\ncriar uma aplica\u00e7\u00e3o nele!<a href=\"http:\/\/www.eclipse.org\">http:\/\/www.eclipse.org <\/a><\/p>\n","protected":false},"excerpt":{"rendered":"<p>Publicado em 29\/07\/2003 O Eclipse \u00e9 uma excelente ferramenta de desenvolvimento gratuita feita pela IBM. Ela \u00e9 largamente utilizada no desenvolvimento de aplica\u00e7\u00f5es em JAVA, mas pode ser usada para desenvolver outras linguagens, como por exemplo PHP. Das IDEs existentes no mercado \u00e9 uma das mais r\u00e1pidas, pois sua interface gr\u00e1fica n\u00e3o foi feita usando [&hellip;]<\/p>\n","protected":false},"author":1,"featured_media":0,"parent":284,"menu_order":0,"comment_status":"open","ping_status":"open","template":"","meta":{"footnotes":""},"class_list":["post-10","page","type-page","status-publish","hentry"],"yoast_head":"<!-- This site is optimized with the Yoast SEO plugin v27.3 - https:\/\/yoast.com\/product\/yoast-seo-wordpress\/ -->\n<title>Instalando o Eclipse no Windows - Boaglio.com<\/title>\n<meta name=\"robots\" content=\"index, follow, max-snippet:-1, max-image-preview:large, max-video-preview:-1\" \/>\n<link rel=\"canonical\" href=\"https:\/\/boaglio.com\/index.php\/tutoriais\/instalando-o-eclipse-no-windows\/\" \/>\n<meta property=\"og:locale\" content=\"pt_BR\" \/>\n<meta property=\"og:type\" content=\"article\" \/>\n<meta property=\"og:title\" content=\"Instalando o Eclipse no Windows - Boaglio.com\" \/>\n<meta property=\"og:description\" content=\"Publicado em 29\/07\/2003 O Eclipse \u00e9 uma excelente ferramenta de desenvolvimento gratuita feita pela IBM. Ela \u00e9 largamente utilizada no desenvolvimento de aplica\u00e7\u00f5es em JAVA, mas pode ser usada para desenvolver outras linguagens, como por exemplo PHP. Das IDEs existentes no mercado \u00e9 uma das mais r\u00e1pidas, pois sua interface gr\u00e1fica n\u00e3o foi feita usando [&hellip;]\" \/>\n<meta property=\"og:url\" content=\"https:\/\/boaglio.com\/index.php\/tutoriais\/instalando-o-eclipse-no-windows\/\" \/>\n<meta property=\"og:site_name\" content=\"Boaglio.com\" \/>\n<meta property=\"article:modified_time\" content=\"2009-08-08T00:23:48+00:00\" \/>\n<meta property=\"og:image\" content=\"https:\/\/boaglio.com\/img\/eclipse-win1.jpg\" \/>\n<meta name=\"twitter:label1\" content=\"Est. tempo de leitura\" \/>\n\t<meta name=\"twitter:data1\" content=\"1 minuto\" \/>\n<script type=\"application\/ld+json\" class=\"yoast-schema-graph\">{\"@context\":\"https:\\\/\\\/schema.org\",\"@graph\":[{\"@type\":\"WebPage\",\"@id\":\"https:\\\/\\\/boaglio.com\\\/index.php\\\/tutoriais\\\/instalando-o-eclipse-no-windows\\\/\",\"url\":\"https:\\\/\\\/boaglio.com\\\/index.php\\\/tutoriais\\\/instalando-o-eclipse-no-windows\\\/\",\"name\":\"Instalando o Eclipse no Windows - Boaglio.com\",\"isPartOf\":{\"@id\":\"https:\\\/\\\/boaglio.com\\\/#website\"},\"datePublished\":\"2007-05-09T16:53:33+00:00\",\"dateModified\":\"2009-08-08T00:23:48+00:00\",\"breadcrumb\":{\"@id\":\"https:\\\/\\\/boaglio.com\\\/index.php\\\/tutoriais\\\/instalando-o-eclipse-no-windows\\\/#breadcrumb\"},\"inLanguage\":\"pt-BR\",\"potentialAction\":[{\"@type\":\"ReadAction\",\"target\":[\"https:\\\/\\\/boaglio.com\\\/index.php\\\/tutoriais\\\/instalando-o-eclipse-no-windows\\\/\"]}]},{\"@type\":\"BreadcrumbList\",\"@id\":\"https:\\\/\\\/boaglio.com\\\/index.php\\\/tutoriais\\\/instalando-o-eclipse-no-windows\\\/#breadcrumb\",\"itemListElement\":[{\"@type\":\"ListItem\",\"position\":1,\"name\":\"In\u00edcio\",\"item\":\"https:\\\/\\\/boaglio.com\\\/\"},{\"@type\":\"ListItem\",\"position\":2,\"name\":\"Tutoriais\",\"item\":\"https:\\\/\\\/boaglio.com\\\/index.php\\\/tutoriais\\\/\"},{\"@type\":\"ListItem\",\"position\":3,\"name\":\"Instalando o Eclipse no Windows\"}]},{\"@type\":\"WebSite\",\"@id\":\"https:\\\/\\\/boaglio.com\\\/#website\",\"url\":\"https:\\\/\\\/boaglio.com\\\/\",\"name\":\"Boaglio.com\",\"description\":\"tecnologia e cr\u00edticas construtivas\",\"potentialAction\":[{\"@type\":\"SearchAction\",\"target\":{\"@type\":\"EntryPoint\",\"urlTemplate\":\"https:\\\/\\\/boaglio.com\\\/?s={search_term_string}\"},\"query-input\":{\"@type\":\"PropertyValueSpecification\",\"valueRequired\":true,\"valueName\":\"search_term_string\"}}],\"inLanguage\":\"pt-BR\"}]}<\/script>\n<!-- \/ Yoast SEO plugin. -->","yoast_head_json":{"title":"Instalando o Eclipse no Windows - Boaglio.com","robots":{"index":"index","follow":"follow","max-snippet":"max-snippet:-1","max-image-preview":"max-image-preview:large","max-video-preview":"max-video-preview:-1"},"canonical":"https:\/\/boaglio.com\/index.php\/tutoriais\/instalando-o-eclipse-no-windows\/","og_locale":"pt_BR","og_type":"article","og_title":"Instalando o Eclipse no Windows - Boaglio.com","og_description":"Publicado em 29\/07\/2003 O Eclipse \u00e9 uma excelente ferramenta de desenvolvimento gratuita feita pela IBM. Ela \u00e9 largamente utilizada no desenvolvimento de aplica\u00e7\u00f5es em JAVA, mas pode ser usada para desenvolver outras linguagens, como por exemplo PHP. Das IDEs existentes no mercado \u00e9 uma das mais r\u00e1pidas, pois sua interface gr\u00e1fica n\u00e3o foi feita usando [&hellip;]","og_url":"https:\/\/boaglio.com\/index.php\/tutoriais\/instalando-o-eclipse-no-windows\/","og_site_name":"Boaglio.com","article_modified_time":"2009-08-08T00:23:48+00:00","og_image":[{"url":"https:\/\/boaglio.com\/img\/eclipse-win1.jpg","type":"","width":"","height":""}],"twitter_misc":{"Est. tempo de leitura":"1 minuto"},"schema":{"@context":"https:\/\/schema.org","@graph":[{"@type":"WebPage","@id":"https:\/\/boaglio.com\/index.php\/tutoriais\/instalando-o-eclipse-no-windows\/","url":"https:\/\/boaglio.com\/index.php\/tutoriais\/instalando-o-eclipse-no-windows\/","name":"Instalando o Eclipse no Windows - Boaglio.com","isPartOf":{"@id":"https:\/\/boaglio.com\/#website"},"datePublished":"2007-05-09T16:53:33+00:00","dateModified":"2009-08-08T00:23:48+00:00","breadcrumb":{"@id":"https:\/\/boaglio.com\/index.php\/tutoriais\/instalando-o-eclipse-no-windows\/#breadcrumb"},"inLanguage":"pt-BR","potentialAction":[{"@type":"ReadAction","target":["https:\/\/boaglio.com\/index.php\/tutoriais\/instalando-o-eclipse-no-windows\/"]}]},{"@type":"BreadcrumbList","@id":"https:\/\/boaglio.com\/index.php\/tutoriais\/instalando-o-eclipse-no-windows\/#breadcrumb","itemListElement":[{"@type":"ListItem","position":1,"name":"In\u00edcio","item":"https:\/\/boaglio.com\/"},{"@type":"ListItem","position":2,"name":"Tutoriais","item":"https:\/\/boaglio.com\/index.php\/tutoriais\/"},{"@type":"ListItem","position":3,"name":"Instalando o Eclipse no Windows"}]},{"@type":"WebSite","@id":"https:\/\/boaglio.com\/#website","url":"https:\/\/boaglio.com\/","name":"Boaglio.com","description":"tecnologia e cr\u00edticas construtivas","potentialAction":[{"@type":"SearchAction","target":{"@type":"EntryPoint","urlTemplate":"https:\/\/boaglio.com\/?s={search_term_string}"},"query-input":{"@type":"PropertyValueSpecification","valueRequired":true,"valueName":"search_term_string"}}],"inLanguage":"pt-BR"}]}},"_links":{"self":[{"href":"https:\/\/boaglio.com\/index.php\/wp-json\/wp\/v2\/pages\/10","targetHints":{"allow":["GET"]}}],"collection":[{"href":"https:\/\/boaglio.com\/index.php\/wp-json\/wp\/v2\/pages"}],"about":[{"href":"https:\/\/boaglio.com\/index.php\/wp-json\/wp\/v2\/types\/page"}],"author":[{"embeddable":true,"href":"https:\/\/boaglio.com\/index.php\/wp-json\/wp\/v2\/users\/1"}],"replies":[{"embeddable":true,"href":"https:\/\/boaglio.com\/index.php\/wp-json\/wp\/v2\/comments?post=10"}],"version-history":[{"count":1,"href":"https:\/\/boaglio.com\/index.php\/wp-json\/wp\/v2\/pages\/10\/revisions"}],"predecessor-version":[{"id":293,"href":"https:\/\/boaglio.com\/index.php\/wp-json\/wp\/v2\/pages\/10\/revisions\/293"}],"up":[{"embeddable":true,"href":"https:\/\/boaglio.com\/index.php\/wp-json\/wp\/v2\/pages\/284"}],"wp:attachment":[{"href":"https:\/\/boaglio.com\/index.php\/wp-json\/wp\/v2\/media?parent=10"}],"curies":[{"name":"wp","href":"https:\/\/api.w.org\/{rel}","templated":true}]}}